{"id":8718,"date":"2024-11-05T16:10:52","date_gmt":"2024-11-05T16:10:52","guid":{"rendered":"https:\/\/quantumdefense.army\/privacy-policy\/"},"modified":"2025-01-17T19:58:56","modified_gmt":"2025-01-17T19:58:56","slug":"politique-de-confidentialite","status":"publish","type":"page","link":"https:\/\/quantumdefense.army\/fr\/politique-de-confidentialite\/","title":{"rendered":"Politique de confidentialit\u00e9"},"content":{"rendered":"\t\t<div data-elementor-type=\"wp-page\" data-elementor-id=\"8718\" class=\"elementor elementor-8718 elementor-3\">\n\t\t\t\t<div class=\"elementor-element elementor-element-5916faa e-con-full e-flex e-con e-parent\" data-id=\"5916faa\" data-element_type=\"container\" data-e-type=\"container\">\n\t\t<div class=\"elementor-element elementor-element-6cd2b48 e-con-full e-flex e-con e-child\" data-id=\"6cd2b48\" data-element_type=\"container\" data-e-type=\"container\" data-settings=\"{&quot;background_background&quot;:&quot;classic&quot;}\">\n\t\t\t\t<div class=\"elementor-element elementor-element-08369a9 elementor-invisible elementor-widget elementor-widget-text-editor\" data-id=\"08369a9\" data-element_type=\"widget\" data-e-type=\"widget\" data-settings=\"{&quot;_animation&quot;:&quot;fadeInUp&quot;}\" data-widget_type=\"text-editor.default\">\n\t\t\t\t<div class=\"elementor-widget-container\">\n\t\t\t\t\t\t\t\t\t<p>D\u00e9fense quantique<\/p>\t\t\t\t\t\t\t\t<\/div>\n\t\t\t\t<\/div>\n\t\t\t\t<div class=\"elementor-element elementor-element-5bc3524 elementor-invisible elementor-widget elementor-widget-heading\" data-id=\"5bc3524\" data-element_type=\"widget\" data-e-type=\"widget\" data-settings=\"{&quot;_animation&quot;:&quot;fadeInUp&quot;}\" data-widget_type=\"heading.default\">\n\t\t\t\t<div class=\"elementor-widget-container\">\n\t\t\t\t\t<h2 class=\"elementor-heading-title elementor-size-default\">Notre politique de confidentialit\u00e9<\/h2>\t\t\t\t<\/div>\n\t\t\t\t<\/div>\n\t\t\t\t<\/div>\n\t\t\t\t<\/div>\n\t\t<div class=\"elementor-element elementor-element-6ed288e6 e-flex e-con-boxed e-con e-parent\" data-id=\"6ed288e6\" data-element_type=\"container\" data-e-type=\"container\">\n\t\t\t\t\t<div class=\"e-con-inner\">\n\t\t\t\t<div class=\"elementor-element elementor-element-22305443 elementor-widget elementor-widget-text-editor\" data-id=\"22305443\" data-element_type=\"widget\" data-e-type=\"widget\" data-widget_type=\"text-editor.default\">\n\t\t\t\t<div class=\"elementor-widget-container\">\n\t\t\t\t\t\t\t\t\t<h3>Politique de confidentialit\u00e9 de Quantum D\u00e9fense<\/h3><p>Chez Quantum D\u00e9fense, nous donnons la priorit\u00e9 \u00e0 votre vie priv\u00e9e et nous nous engageons \u00e0 prot\u00e9ger vos informations personnelles. Cette politique de confidentialit\u00e9 d\u00e9crit comment nous collectons, utilisons et prot\u00e9geons vos donn\u00e9es lorsque vous visitez notre site web ou interagissez avec nos services.<\/p><hr \/><h4><strong>1. Les informations que nous collectons<\/strong><\/h4><p>Nous pouvons collecter les types d&#8217;informations suivants :<\/p><ul><li><strong>Donn\u00e9es personnelles<\/strong>: Nom, adresse \u00e9lectronique, num\u00e9ro de t\u00e9l\u00e9phone et autres coordonn\u00e9es fournies lorsque vous remplissez des formulaires ou nous contactez.<\/li><li><strong>Donn\u00e9es d&#8217;utilisation<\/strong>: Des informations sur la mani\u00e8re dont vous interagissez avec notre site web, y compris votre adresse IP, votre type de navigateur et vos habitudes de navigation.<\/li><\/ul><hr \/><h4><strong>2. Comment nous utilisons vos informations<br \/><\/strong><\/h4><p>Nous utilisons vos informations \u00e0 des fins telles que :<\/p><ul><li>vous fournir les produits, services et informations demand\u00e9s.<\/li><li>Am\u00e9liorer notre site web, nos services et notre assistance \u00e0 la client\u00e8le.<\/li><li>Envoi de mises \u00e0 jour, de bulletins d&#8217;information ou d&#8217;offres promotionnelles (si vous y avez consenti).<\/li><li>Assurer la s\u00e9curit\u00e9 de notre site web et pr\u00e9venir les activit\u00e9s frauduleuses.<\/li><\/ul><hr \/><h4><strong>3. Partage d&#8217;informations<br \/><\/strong><\/h4><p>Nous ne vendons pas, ne louons pas et ne partageons pas vos donn\u00e9es personnelles avec des tiers, sauf dans les cas suivants:<\/p><ul><li><strong>Prestataires de services<\/strong>: des partenaires de confiance qui nous aident \u00e0 exploiter notre site web ou \u00e0 fournir des services (li\u00e9s par des accords de confidentialit\u00e9).<\/li><li><strong>Obligations l\u00e9gales<\/strong>: Lorsque la loi l&#8217;exige ou pour prot\u00e9ger les droits et la s\u00e9curit\u00e9 de nos utilisateurs ou de notre entreprise.<\/li><\/ul><hr \/><h4><strong>4. S\u00e9curit\u00e9 des donn\u00e9es<br \/><\/strong><\/h4><p>Nous mettons en \u0153uvre des mesures robustes pour s\u00e9curiser vos donn\u00e9es, notamment le cryptage, les pare-feu et le stockage s\u00e9curis\u00e9. Malgr\u00e9 ces efforts, aucun syst\u00e8me ne peut garantir une s\u00e9curit\u00e9 absolue. Nous encourageons donc les utilisateurs \u00e0 prendre des pr\u00e9cautions lorsqu&#8217;ils partagent des informations sensibles en ligne.<\/p><hr \/><h4><strong>5. Vos droits<br \/><\/strong><\/h4><p>Vous avez le droit de:<\/p><ul><li>Acc\u00e9der aux donn\u00e9es personnelles que nous d\u00e9tenons \u00e0 votre sujet.<\/li><li>demander des corrections ou des mises \u00e0 jour de vos informations.<\/li><li>Demander la suppression de vos donn\u00e9es, le cas \u00e9ch\u00e9ant.<\/li><li>Refuser les communications marketing \u00e0 tout moment.<\/li><\/ul><hr \/><h4><strong>6. Cookies et tra\u00e7age<br \/><\/strong><\/h4><p>Notre site web utilise des cookies et des technologies similaires pour am\u00e9liorer l&#8217;exp\u00e9rience de l&#8217;utilisateur et analyser les performances du site web. Vous pouvez g\u00e9rer ou d\u00e9sactiver les cookies par le biais des param\u00e8tres de votre navigateur, mais cela risque d&#8217;affecter votre exp\u00e9rience sur notre site web.<\/p><hr \/><h4><strong>7. Liens avec des tiers<br \/><\/strong><\/h4><p>Notre site web peut contenir des liens vers des sites web de tiers. Nous ne sommes pas responsables de leurs pratiques en mati\u00e8re de protection de la vie priv\u00e9e ou de leur contenu, et nous vous encourageons donc \u00e0 consulter leurs politiques avant de communiquer des informations personnelles.<\/p><hr \/><h4><strong>8. Mises \u00e0 jour de la pr\u00e9sente politique<br \/><\/strong><\/h4><p>Nous pouvons mettre \u00e0 jour la pr\u00e9sente politique de confidentialit\u00e9 de temps \u00e0 autre. Les modifications seront publi\u00e9es sur cette page avec une date de &#8220;derni\u00e8re r\u00e9vision&#8221; mise \u00e0 jour.<\/p><hr \/><h4><strong>9. Contactez nous<br \/><\/strong><\/h4><p>Si vous avez des questions ou des pr\u00e9occupations concernant cette politique de confidentialit\u00e9, veuillez nous contacter:<br \/><strong>E-mail<\/strong>: <a href=\"mailto:hello@quantumdefense.army\">hello@quantumdefense.army<\/a><br \/><strong>T\u00e9l\u00e9phone:<\/strong> +212 (06) 64 85 55 92<\/p><p>En utilisant notre site web, vous acceptez les termes de cette politique de confidentialit\u00e9. Merci de faire confiance \u00e0 Quantum D\u00e9fense.<\/p>\t\t\t\t\t\t\t\t<\/div>\n\t\t\t\t<\/div>\n\t\t\t\t\t<\/div>\n\t\t\t\t<\/div>\n\t\t\t\t<\/div>\n\t\t","protected":false},"excerpt":{"rendered":"<p>D\u00e9fense quantique Notre politique de confidentialit\u00e9 Politique de confidentialit\u00e9 de Quantum D\u00e9fense Chez Quantum D\u00e9fense, nous donnons la priorit\u00e9 \u00e0 votre vie priv\u00e9e et nous nous engageons \u00e0 prot\u00e9ger vos informations personnelles. Cette politique de confidentialit\u00e9 d\u00e9crit comment nous collectons, utilisons et prot\u00e9geons vos donn\u00e9es lorsque vous visitez notre site web ou interagissez avec nos [&hellip;]<\/p>\n","protected":false},"author":1,"featured_media":0,"parent":0,"menu_order":0,"comment_status":"closed","ping_status":"closed","template":"template-homepage.php","meta":{"footnotes":""},"class_list":["post-8718","page","type-page","status-publish","hentry"],"_links":{"self":[{"href":"https:\/\/quantumdefense.army\/fr\/wp-json\/wp\/v2\/pages\/8718","targetHints":{"allow":["GET"]}}],"collection":[{"href":"https:\/\/quantumdefense.army\/fr\/wp-json\/wp\/v2\/pages"}],"about":[{"href":"https:\/\/quantumdefense.army\/fr\/wp-json\/wp\/v2\/types\/page"}],"author":[{"embeddable":true,"href":"https:\/\/quantumdefense.army\/fr\/wp-json\/wp\/v2\/users\/1"}],"replies":[{"embeddable":true,"href":"https:\/\/quantumdefense.army\/fr\/wp-json\/wp\/v2\/comments?post=8718"}],"version-history":[{"count":8,"href":"https:\/\/quantumdefense.army\/fr\/wp-json\/wp\/v2\/pages\/8718\/revisions"}],"predecessor-version":[{"id":8756,"href":"https:\/\/quantumdefense.army\/fr\/wp-json\/wp\/v2\/pages\/8718\/revisions\/8756"}],"wp:attachment":[{"href":"https:\/\/quantumdefense.army\/fr\/wp-json\/wp\/v2\/media?parent=8718"}],"curies":[{"name":"wp","href":"https:\/\/api.w.org\/{rel}","templated":true}]}}